{"id":124,"date":"2012-05-23T17:50:47","date_gmt":"2012-05-23T09:50:47","guid":{"rendered":"http:\/\/www.labanane-hostel.com\/?page_id=124"},"modified":"2023-07-10T17:46:35","modified_gmt":"2023-07-10T09:46:35","slug":"bienvenue-a-la-banane-hostel","status":"publish","type":"page","link":"https:\/\/www.labanane-hostel.com\/fr\/","title":{"rendered":"Bienvenue"},"content":{"rendered":"<p>\n\t\t\t<!-- START la Banane Hostel REVOLUTION SLIDER 6.6.16 --><p class=\"rs-p-wp-fix\"><\/p>\n\t\t\t<rs-module-wrap id=\"rev_slider_1_1_wrapper\" data-source=\"gallery\" style=\"visibility:hidden;background:transparent;padding:0;margin:0px auto;margin-top:0;margin-bottom:0;\">\n\t\t\t\t<rs-module id=\"rev_slider_1_1\" style=\"\" data-version=\"6.6.16\">\n\t\t\t\t\t<rs-slides style=\"overflow: hidden; position: absolute;\">\n\t\t\t\t\t\t<rs-slide style=\"position: absolute;\" data-key=\"rs-1\" data-title=\"Slide\" data-in=\"o:0;\" data-out=\"a:false;\">\n\t\t\t\t\t\t\t<img decoding=\"async\" src=\"\/\/www.labanane-hostel.com\/wp-content\/plugins\/revslider\/public\/assets\/assets\/dummy.png\" alt=\"\" title=\"P2260027\" width=\"910\" height=\"682\" class=\"rev-slidebg tp-rs-img rs-lazyload\" data-lazyload=\"\/\/www.labanane-hostel.com\/wp-content\/uploads\/2012\/04\/P2260027.jpg\" data-no-retina>\n<!---->\t\t\t\t\t\t<\/rs-slide>\n\t\t\t\t\t\t<rs-slide style=\"position: absolute;\" data-key=\"rs-2\" data-title=\"Slide\" data-in=\"o:0;\" data-out=\"a:false;\">\n\t\t\t\t\t\t\t<img decoding=\"async\" src=\"\/\/www.labanane-hostel.com\/wp-content\/plugins\/revslider\/public\/assets\/assets\/dummy.png\" alt=\"\" title=\"Bienvenue\" class=\"rev-slidebg tp-rs-img rs-lazyload\" data-lazyload=\"\/\/www.labanane-hostel.com\/wp-content\/uploads\/2016\/09\/^EAFF35BC425E82DEE504C3247EB96F28D8529F9944794B2812^pimgpsh_fullsize_distr.jpg\" data-no-retina>\n<!---->\t\t\t\t\t\t<\/rs-slide>\n\t\t\t\t\t\t<rs-slide style=\"position: absolute;\" data-key=\"rs-3\" data-title=\"Slide\" data-in=\"o:0;\" data-out=\"a:false;\">\n\t\t\t\t\t\t\t<img decoding=\"async\" src=\"\/\/www.labanane-hostel.com\/wp-content\/plugins\/revslider\/public\/assets\/assets\/dummy.png\" alt=\"\" title=\"Bienvenue\" class=\"rev-slidebg tp-rs-img rs-lazyload\" data-lazyload=\"\/\/www.labanane-hostel.com\/wp-content\/uploads\/2016\/09\/^AFFA454DB8F46DAD0634860D012A268F1808725BFBA9B9D761^pimgpsh_fullsize_distr.jpg\" data-no-retina>\n<!---->\t\t\t\t\t\t<\/rs-slide>\n\t\t\t\t\t\t<rs-slide style=\"position: absolute;\" data-key=\"rs-4\" data-title=\"Slide\" data-in=\"o:0;\" data-out=\"a:false;\">\n\t\t\t\t\t\t\t<img decoding=\"async\" src=\"\/\/www.labanane-hostel.com\/wp-content\/plugins\/revslider\/public\/assets\/assets\/dummy.png\" alt=\"\" title=\"Bienvenue\" class=\"rev-slidebg tp-rs-img rs-lazyload\" data-lazyload=\"\/\/www.labanane-hostel.com\/wp-content\/uploads\/2016\/09\/^A9DF68C67DB632CA8FA5E9BE6FA3BB16CF7D22E4C24AA0E0A9^pimgpsh_fullsize_distr.jpg\" data-no-retina>\n<!---->\t\t\t\t\t\t<\/rs-slide>\n\t\t\t\t\t\t<rs-slide style=\"position: absolute;\" data-key=\"rs-5\" data-title=\"Slide\" data-in=\"o:0;\" data-out=\"a:false;\">\n\t\t\t\t\t\t\t<img decoding=\"async\" src=\"\/\/www.labanane-hostel.com\/wp-content\/plugins\/revslider\/public\/assets\/assets\/dummy.png\" alt=\"\" title=\"Bienvenue\" class=\"rev-slidebg tp-rs-img rs-lazyload\" data-lazyload=\"\/\/www.labanane-hostel.com\/wp-content\/uploads\/2016\/09\/^946ACAB8A7FF7737E061313955BB66B565D9B5BDC0932E1BA4^pimgpsh_fullsize_distr.jpg\" data-no-retina>\n<!---->\t\t\t\t\t\t<\/rs-slide>\n\t\t\t\t\t\t<rs-slide style=\"position: absolute;\" data-key=\"rs-6\" data-title=\"Slide\" data-in=\"o:0;\" data-out=\"a:false;\">\n\t\t\t\t\t\t\t<img decoding=\"async\" src=\"\/\/www.labanane-hostel.com\/wp-content\/plugins\/revslider\/public\/assets\/assets\/dummy.png\" alt=\"\" title=\"Bienvenue\" class=\"rev-slidebg tp-rs-img rs-lazyload\" data-lazyload=\"\/\/www.labanane-hostel.com\/wp-content\/uploads\/2016\/09\/^652CD255B6E51A570675AB827E35FF7E2DA836D91CB8918E4C^pimgpsh_fullsize_distr.jpg\" data-no-retina>\n<!---->\t\t\t\t\t\t<\/rs-slide>\n\t\t\t\t\t\t<rs-slide style=\"position: absolute;\" data-key=\"rs-7\" data-title=\"Slide\" data-in=\"o:0;\" data-out=\"a:false;\">\n\t\t\t\t\t\t\t<img decoding=\"async\" src=\"\/\/www.labanane-hostel.com\/wp-content\/plugins\/revslider\/public\/assets\/assets\/dummy.png\" alt=\"\" title=\"Bienvenue\" class=\"rev-slidebg tp-rs-img rs-lazyload\" data-lazyload=\"\/\/www.labanane-hostel.com\/wp-content\/uploads\/2016\/09\/^271A24AB7FBA0B2F77E0D7D7700CF88C0A0BCCD1D1BD2E3331^pimgpsh_fullsize_distr.jpg\" data-no-retina>\n<!---->\t\t\t\t\t\t<\/rs-slide>\n\t\t\t\t\t\t<rs-slide style=\"position: absolute;\" data-key=\"rs-8\" data-title=\"Slide\" data-in=\"o:0;\" data-out=\"a:false;\">\n\t\t\t\t\t\t\t<img decoding=\"async\" src=\"\/\/www.labanane-hostel.com\/wp-content\/plugins\/revslider\/public\/assets\/assets\/dummy.png\" alt=\"\" title=\"Bienvenue\" class=\"rev-slidebg tp-rs-img rs-lazyload\" data-lazyload=\"\/\/www.labanane-hostel.com\/wp-content\/uploads\/2016\/09\/^58DB4FE139C27FC5E30A61B4DA39A595D69140EC11BA2E0C64^pimgpsh_fullsize_distr.jpg\" data-no-retina>\n<!---->\t\t\t\t\t\t<\/rs-slide>\n\t\t\t\t\t\t<rs-slide style=\"position: absolute;\" data-key=\"rs-9\" data-title=\"Slide\" data-in=\"o:0;\" data-out=\"a:false;\">\n\t\t\t\t\t\t\t<img decoding=\"async\" src=\"\/\/www.labanane-hostel.com\/wp-content\/plugins\/revslider\/public\/assets\/assets\/dummy.png\" alt=\"\" title=\"Bienvenue\" class=\"rev-slidebg tp-rs-img rs-lazyload\" data-lazyload=\"\/\/www.labanane-hostel.com\/wp-content\/uploads\/2016\/09\/^8A1775668B83F1B0D82C2655090F43B11D3E6DFB3A0BCEB6F8^pimgpsh_fullsize_distr.jpg\" data-no-retina>\n<!---->\t\t\t\t\t\t<\/rs-slide>\n\t\t\t\t\t\t<rs-slide style=\"position: absolute;\" data-key=\"rs-10\" data-title=\"Slide\" data-in=\"o:0;\" data-out=\"a:false;\">\n\t\t\t\t\t\t\t<img decoding=\"async\" src=\"\/\/www.labanane-hostel.com\/wp-content\/plugins\/revslider\/public\/assets\/assets\/dummy.png\" alt=\"\" title=\"Bienvenue\" class=\"rev-slidebg tp-rs-img rs-lazyload\" data-lazyload=\"\/\/www.labanane-hostel.com\/wp-content\/uploads\/2016\/09\/^02B4B231A6AAAEEF4529FA0960EF14C66E6A213C4C2B4CF96D^pimgpsh_fullsize_distr.jpg\" data-no-retina>\n<!---->\t\t\t\t\t\t<\/rs-slide>\n\t\t\t\t\t\t<rs-slide style=\"position: absolute;\" data-key=\"rs-11\" data-title=\"Slide\" data-in=\"o:0;\" data-out=\"a:false;\">\n\t\t\t\t\t\t\t<img decoding=\"async\" src=\"\/\/www.labanane-hostel.com\/wp-content\/plugins\/revslider\/public\/assets\/assets\/dummy.png\" alt=\"\" title=\"Bienvenue\" class=\"rev-slidebg tp-rs-img rs-lazyload\" data-lazyload=\"\/\/www.labanane-hostel.com\/wp-content\/uploads\/2016\/09\/^1A1C2826D3C78E3754C03A2EB05BB524A1D94660CAA0F94BBC^pimgpsh_fullsize_distr.jpg\" data-no-retina>\n<!---->\t\t\t\t\t\t<\/rs-slide>\n\t\t\t\t\t\t<rs-slide style=\"position: absolute;\" data-key=\"rs-12\" data-title=\"Slide\" data-in=\"o:0;\" data-out=\"a:false;\">\n\t\t\t\t\t\t\t<img decoding=\"async\" src=\"\/\/www.labanane-hostel.com\/wp-content\/plugins\/revslider\/public\/assets\/assets\/dummy.png\" alt=\"\" title=\"Bienvenue\" class=\"rev-slidebg tp-rs-img rs-lazyload\" data-lazyload=\"\/\/www.labanane-hostel.com\/wp-content\/uploads\/2012\/04\/home-labanane-hostel-beach.jpg\" data-no-retina>\n<!---->\t\t\t\t\t\t<\/rs-slide>\n\t\t\t\t\t\t<rs-slide style=\"position: absolute;\" data-key=\"rs-13\" data-title=\"Slide\" data-in=\"o:0;\" data-out=\"a:false;\">\n\t\t\t\t\t\t\t<img decoding=\"async\" src=\"\/\/www.labanane-hostel.com\/wp-content\/plugins\/revslider\/public\/assets\/assets\/dummy.png\" alt=\"\" title=\"Bienvenue\" class=\"rev-slidebg tp-rs-img rs-lazyload\" data-lazyload=\"\/\/www.labanane-hostel.com\/wp-content\/uploads\/2012\/04\/home-labanane-hostel-sunset1.jpg\" data-no-retina>\n<!---->\t\t\t\t\t\t<\/rs-slide>\n\t\t\t\t\t\t<rs-slide style=\"position: absolute;\" data-key=\"rs-14\" data-title=\"Slide\" data-in=\"o:0;\" data-out=\"a:false;\">\n\t\t\t\t\t\t\t<img decoding=\"async\" src=\"\/\/www.labanane-hostel.com\/wp-content\/plugins\/revslider\/public\/assets\/assets\/dummy.png\" alt=\"\" title=\"Bienvenue\" class=\"rev-slidebg tp-rs-img rs-lazyload\" data-lazyload=\"\/\/www.labanane-hostel.com\/wp-content\/uploads\/2012\/04\/home-labanane-hostel-night1.jpg\" data-no-retina>\n<!---->\t\t\t\t\t\t<\/rs-slide>\n\t\t\t\t\t\t<rs-slide style=\"position: absolute;\" data-key=\"rs-15\" data-title=\"Slide\" data-in=\"o:0;\" data-out=\"a:false;\">\n\t\t\t\t\t\t\t<img decoding=\"async\" src=\"\/\/www.labanane-hostel.com\/wp-content\/plugins\/revslider\/public\/assets\/assets\/dummy.png\" alt=\"\" title=\"Bienvenue\" class=\"rev-slidebg tp-rs-img rs-lazyload\" data-lazyload=\"\/\/www.labanane-hostel.com\/wp-content\/uploads\/2012\/04\/home-labanane-hostel-intrance.jpg\" data-no-retina>\n<!---->\t\t\t\t\t\t<\/rs-slide>\n\t\t\t\t\t<\/rs-slides>\n\t\t\t\t<\/rs-module>\n\t\t\t\t<script>\n\t\t\t\t\tsetREVStartSize({c: 'rev_slider_1_1',rl:[1240,1024,778,480],el:[900],gw:[1240],gh:[900],type:'standard',justify:'',layout:'fullwidth',mh:\"0\"});if (window.RS_MODULES!==undefined && window.RS_MODULES.modules!==undefined && window.RS_MODULES.modules[\"revslider11\"]!==undefined) {window.RS_MODULES.modules[\"revslider11\"].once = false;window.revapi1 = undefined;if (window.RS_MODULES.checkMinimal!==undefined) window.RS_MODULES.checkMinimal()}\n\t\t\t\t<\/script>\n\t\t\t<\/rs-module-wrap>\n\t\t\t<!-- END REVOLUTION SLIDER -->\n<strong><strong><strong><img loading=\"lazy\" decoding=\"async\" title=\"logo-labanane-hostel\" src=\"http:\/\/www.labanane-hostel.com\/wp-content\/uploads\/2012\/04\/logo-labanane-hostel.png\" alt=\"\" width=\"272\" height=\"322\" \/><\/strong><\/strong><\/strong><\/p>\n<h1>Bienvenue \u00e0 la Banane Hostel<\/h1>\n<h2>Bonjour et bienvenue sur notre site web<\/h2>\n<p>La <strong>Banane Hostel<\/strong> est la meilleure destination \u00e0 <strong>El Nido<\/strong>, sur l\u2019archipel de <strong>Palawan<\/strong>. Directement sur la place, avec acc\u00e8s au centre du village, l\u2019auberge La Banane est la destination parfaite pour ceux qui veulent d\u00e9couvrir les <strong>Philippines<\/strong> diff\u00e9remment. Notre \u00e9quipe bien entra\u00een\u00e9e est compos\u00e9e de sp\u00e9cialistes des \u00eeles, et pourra vous aider pendant la planification de votre voyage et des activit\u00e9s sur place.<\/p>\n<ul>\n<li>Pour vos journ\u00e9es tranquilles, nous vous offrons l\u2019acc\u00e8s au r\u00e9seau WiFi, un terminal internet, ainsi que la t\u00e9l\u00e9 dans la salle commune. Bien s\u00fbr, notre place pr\u00e9f\u00e9r\u00e9e se trouve entre les coussins sur la plage, avec de la bonne compagnie et le bruit des vagues.<\/li>\n<li>Pour les jours d\u2019action, nous offrons la location de scooters, de kayaks, d\u2019\u00e9quipement de plong\u00e9e, et m\u00eame un 4&#215;4. Soit un parcours dans la jungle, un voyage aux chutes d\u2019eau ou un tour en kayak de mer, nous avons la recette. Bien s\u00fbr, nous organisons \u00e9galement nos fameuses sorties sur bateau dans le golf d\u2019<strong>El Nido<\/strong>, entre des \u00eeles d\u00e9sertes et le soleil. Amenez un pique-nique!<\/li>\n<\/ul>\n<p>Bref, voici la liste des services :<\/p>\n<ul>\n<li>resto-bar sur la plage<\/li>\n<li>location de scooter, 4&#215;4, kayak<\/li>\n<li>\u00e9quipement de plong\u00e9e libre<\/li>\n<li>sortie bateau island hopping<\/li>\n<li>voyages dans la jungle et aux chutes d\u2019eau<\/li>\n<li>entreposage<\/li>\n<li>acc\u00e8s WiFi, borne internet<\/li>\n<li>comptoir d\u2019information touriste et transportation<\/li>\n<\/ul>\n","protected":false},"excerpt":{"rendered":"<p>Bienvenue \u00e0 la Banane Hostel Bonjour et bienvenue sur notre site web La Banane Hostel est la meilleure destination \u00e0 El Nido, sur l\u2019archipel de Palawan. Directement sur la place, avec acc\u00e8s au centre du village, l\u2019auberge La Banane est la destination parfaite pour ceux qui veulent d\u00e9couvrir les Philippines diff\u00e9remment. Notre \u00e9quipe bien entra\u00een\u00e9e [&hellip;]<\/p>\n","protected":false},"author":1,"featured_media":0,"parent":0,"menu_order":0,"comment_status":"closed","ping_status":"open","template":"","meta":{"footnotes":""},"yoast_head":"<!-- This site is optimized with the Yoast SEO plugin v22.3 - https:\/\/yoast.com\/wordpress\/plugins\/seo\/ -->\n<title>La Banane Guesthouse Palawan<\/title>\n<meta name=\"robots\" content=\"index, follow, max-snippet:-1, max-image-preview:large, max-video-preview:-1\" \/>\n<link rel=\"canonical\" href=\"https:\/\/www.labanane-hostel.com\/fr\/\" \/>\n<meta property=\"og:locale\" content=\"fr_FR\" \/>\n<meta property=\"og:type\" content=\"article\" \/>\n<meta property=\"og:title\" content=\"La Banane Guesthouse Palawan\" \/>\n<meta property=\"og:description\" content=\"Bienvenue \u00e0 la Banane Hostel Bonjour et bienvenue sur notre site web La Banane Hostel est la meilleure destination \u00e0 El Nido, sur l\u2019archipel de Palawan. Directement sur la place, avec acc\u00e8s au centre du village, l\u2019auberge La Banane est la destination parfaite pour ceux qui veulent d\u00e9couvrir les Philippines diff\u00e9remment. Notre \u00e9quipe bien entra\u00een\u00e9e [&hellip;]\" \/>\n<meta property=\"og:url\" content=\"https:\/\/www.labanane-hostel.com\/fr\/\" \/>\n<meta property=\"og:site_name\" content=\"La Banane Hostel\" \/>\n<meta property=\"article:modified_time\" content=\"2023-07-10T09:46:35+00:00\" \/>\n<meta property=\"og:image\" content=\"http:\/\/www.labanane-hostel.com\/wp-content\/uploads\/2012\/04\/logo-labanane-hostel.png\" \/>\n<meta name=\"twitter:card\" content=\"summary_large_image\" \/>\n<meta name=\"twitter:label1\" content=\"Dur\u00e9e de lecture estim\u00e9e\" \/>\n\t<meta name=\"twitter:data1\" content=\"2 minutes\" \/>\n<script type=\"application\/ld+json\" class=\"yoast-schema-graph\">{\"@context\":\"https:\/\/schema.org\",\"@graph\":[{\"@type\":\"WebPage\",\"@id\":\"https:\/\/www.labanane-hostel.com\/fr\/\",\"url\":\"https:\/\/www.labanane-hostel.com\/fr\/\",\"name\":\"La Banane Guesthouse Palawan\",\"isPartOf\":{\"@id\":\"https:\/\/www.labanane-hostel.com\/#website\"},\"primaryImageOfPage\":{\"@id\":\"https:\/\/www.labanane-hostel.com\/fr\/#primaryimage\"},\"image\":{\"@id\":\"https:\/\/www.labanane-hostel.com\/fr\/#primaryimage\"},\"thumbnailUrl\":\"http:\/\/www.labanane-hostel.com\/wp-content\/uploads\/2012\/04\/logo-labanane-hostel.png\",\"datePublished\":\"2012-05-23T09:50:47+00:00\",\"dateModified\":\"2023-07-10T09:46:35+00:00\",\"breadcrumb\":{\"@id\":\"https:\/\/www.labanane-hostel.com\/fr\/#breadcrumb\"},\"inLanguage\":\"fr-FR\",\"potentialAction\":[{\"@type\":\"ReadAction\",\"target\":[\"https:\/\/www.labanane-hostel.com\/fr\/\"]}]},{\"@type\":\"ImageObject\",\"inLanguage\":\"fr-FR\",\"@id\":\"https:\/\/www.labanane-hostel.com\/fr\/#primaryimage\",\"url\":\"http:\/\/www.labanane-hostel.com\/wp-content\/uploads\/2012\/04\/logo-labanane-hostel.png\",\"contentUrl\":\"http:\/\/www.labanane-hostel.com\/wp-content\/uploads\/2012\/04\/logo-labanane-hostel.png\"},{\"@type\":\"BreadcrumbList\",\"@id\":\"https:\/\/www.labanane-hostel.com\/fr\/#breadcrumb\",\"itemListElement\":[{\"@type\":\"ListItem\",\"position\":1,\"name\":\"Accueil\",\"item\":\"https:\/\/www.labanane-hostel.com\/fr\/\"},{\"@type\":\"ListItem\",\"position\":2,\"name\":\"Bienvenue\"}]},{\"@type\":\"WebSite\",\"@id\":\"https:\/\/www.labanane-hostel.com\/#website\",\"url\":\"https:\/\/www.labanane-hostel.com\/\",\"name\":\"La Banane Hostel\",\"description\":\"El Nido - Palawan - Philippine - Hotels\",\"potentialAction\":[{\"@type\":\"SearchAction\",\"target\":{\"@type\":\"EntryPoint\",\"urlTemplate\":\"https:\/\/www.labanane-hostel.com\/?s={search_term_string}\"},\"query-input\":\"required name=search_term_string\"}],\"inLanguage\":\"fr-FR\"}]}<\/script>\n<!-- \/ Yoast SEO plugin. -->","yoast_head_json":{"title":"La Banane Guesthouse Palawan","robots":{"index":"index","follow":"follow","max-snippet":"max-snippet:-1","max-image-preview":"max-image-preview:large","max-video-preview":"max-video-preview:-1"},"canonical":"https:\/\/www.labanane-hostel.com\/fr\/","og_locale":"fr_FR","og_type":"article","og_title":"La Banane Guesthouse Palawan","og_description":"Bienvenue \u00e0 la Banane Hostel Bonjour et bienvenue sur notre site web La Banane Hostel est la meilleure destination \u00e0 El Nido, sur l\u2019archipel de Palawan. Directement sur la place, avec acc\u00e8s au centre du village, l\u2019auberge La Banane est la destination parfaite pour ceux qui veulent d\u00e9couvrir les Philippines diff\u00e9remment. Notre \u00e9quipe bien entra\u00een\u00e9e [&hellip;]","og_url":"https:\/\/www.labanane-hostel.com\/fr\/","og_site_name":"La Banane Hostel","article_modified_time":"2023-07-10T09:46:35+00:00","og_image":[{"url":"http:\/\/www.labanane-hostel.com\/wp-content\/uploads\/2012\/04\/logo-labanane-hostel.png"}],"twitter_card":"summary_large_image","twitter_misc":{"Dur\u00e9e de lecture estim\u00e9e":"2 minutes"},"schema":{"@context":"https:\/\/schema.org","@graph":[{"@type":"WebPage","@id":"https:\/\/www.labanane-hostel.com\/fr\/","url":"https:\/\/www.labanane-hostel.com\/fr\/","name":"La Banane Guesthouse Palawan","isPartOf":{"@id":"https:\/\/www.labanane-hostel.com\/#website"},"primaryImageOfPage":{"@id":"https:\/\/www.labanane-hostel.com\/fr\/#primaryimage"},"image":{"@id":"https:\/\/www.labanane-hostel.com\/fr\/#primaryimage"},"thumbnailUrl":"http:\/\/www.labanane-hostel.com\/wp-content\/uploads\/2012\/04\/logo-labanane-hostel.png","datePublished":"2012-05-23T09:50:47+00:00","dateModified":"2023-07-10T09:46:35+00:00","breadcrumb":{"@id":"https:\/\/www.labanane-hostel.com\/fr\/#breadcrumb"},"inLanguage":"fr-FR","potentialAction":[{"@type":"ReadAction","target":["https:\/\/www.labanane-hostel.com\/fr\/"]}]},{"@type":"ImageObject","inLanguage":"fr-FR","@id":"https:\/\/www.labanane-hostel.com\/fr\/#primaryimage","url":"http:\/\/www.labanane-hostel.com\/wp-content\/uploads\/2012\/04\/logo-labanane-hostel.png","contentUrl":"http:\/\/www.labanane-hostel.com\/wp-content\/uploads\/2012\/04\/logo-labanane-hostel.png"},{"@type":"BreadcrumbList","@id":"https:\/\/www.labanane-hostel.com\/fr\/#breadcrumb","itemListElement":[{"@type":"ListItem","position":1,"name":"Accueil","item":"https:\/\/www.labanane-hostel.com\/fr\/"},{"@type":"ListItem","position":2,"name":"Bienvenue"}]},{"@type":"WebSite","@id":"https:\/\/www.labanane-hostel.com\/#website","url":"https:\/\/www.labanane-hostel.com\/","name":"La Banane Hostel","description":"El Nido - Palawan - Philippine - Hotels","potentialAction":[{"@type":"SearchAction","target":{"@type":"EntryPoint","urlTemplate":"https:\/\/www.labanane-hostel.com\/?s={search_term_string}"},"query-input":"required name=search_term_string"}],"inLanguage":"fr-FR"}]}},"_links":{"self":[{"href":"https:\/\/www.labanane-hostel.com\/fr\/wp-json\/wp\/v2\/pages\/124"}],"collection":[{"href":"https:\/\/www.labanane-hostel.com\/fr\/wp-json\/wp\/v2\/pages"}],"about":[{"href":"https:\/\/www.labanane-hostel.com\/fr\/wp-json\/wp\/v2\/types\/page"}],"author":[{"embeddable":true,"href":"https:\/\/www.labanane-hostel.com\/fr\/wp-json\/wp\/v2\/users\/1"}],"replies":[{"embeddable":true,"href":"https:\/\/www.labanane-hostel.com\/fr\/wp-json\/wp\/v2\/comments?post=124"}],"version-history":[{"count":14,"href":"https:\/\/www.labanane-hostel.com\/fr\/wp-json\/wp\/v2\/pages\/124\/revisions"}],"predecessor-version":[{"id":819,"href":"https:\/\/www.labanane-hostel.com\/fr\/wp-json\/wp\/v2\/pages\/124\/revisions\/819"}],"wp:attachment":[{"href":"https:\/\/www.labanane-hostel.com\/fr\/wp-json\/wp\/v2\/media?parent=124"}],"curies":[{"name":"wp","href":"https:\/\/api.w.org\/{rel}","templated":true}]}}