{"id":195,"date":"2012-04-02T12:10:26","date_gmt":"2012-04-02T12:10:26","guid":{"rendered":"http:\/\/www.labanane-hostel.com\/sample-page-2\/"},"modified":"2023-07-10T17:27:29","modified_gmt":"2023-07-10T09:27:29","slug":"sample-page-2-3-2","status":"publish","type":"page","link":"https:\/\/www.labanane-hostel.com\/es\/","title":{"rendered":"Bienvenido"},"content":{"rendered":"<h1><strong>Bienvenido al Hostal La Banane<\/strong><\/h1>\n<h1><strong><img loading=\"lazy\" decoding=\"async\" class=\"wp-image-73 alignright\" title=\"logo-labanane-hostel\" src=\"http:\/\/www.labanane-hostel.com\/wp-content\/uploads\/2012\/04\/logo-labanane-hostel.png\" alt=\"\" width=\"272\" height=\"322\" srcset=\"https:\/\/www.labanane-hostel.com\/wp-content\/uploads\/2012\/04\/logo-labanane-hostel.png 453w, https:\/\/www.labanane-hostel.com\/wp-content\/uploads\/2012\/04\/logo-labanane-hostel-253x300.png 253w, https:\/\/www.labanane-hostel.com\/wp-content\/uploads\/2012\/04\/logo-labanane-hostel-368x437.png 368w\" sizes=\"(max-width: 272px) 100vw, 272px\" \/><\/strong><\/h1>\n<h3>Hola, y bienvenido en nuestro sitio web<\/h3>\n<p>El <strong>Hostal La Banane<\/strong> es el destino principal de mochileros en <strong>El Nido<\/strong>, en el hermoso archipi\u00e9lago de<strong> Palawan<\/strong>. Justo en la playa, con acceso al centro de la ciudad y todas las comodidades imaginables, el Hostal La Banane es el destino perfecto para aquellos que quieran descubrir las Filipinas de manera diferente. Nuestro personal, compuesto por locales e internacionales por igual, puede guiarlo durante su viaje y nuestra agencia de viajes tiene toda la informaci\u00f3n sobre las diferentes actividades que se pueden encontrar cerca. Tambi\u00e9n le ayudar\u00e1 a conseguir dentro y fuera de<strong> El Nido<\/strong>, h\u00e1ganoslo saber lo que usted necesita.<\/p>\n<ul>\n<li>Para los d\u00edas de descanso, que tambi\u00e9n tienen acceso wifi gratuito, conexi\u00f3n a Internet y un televisor en un espacio com\u00fan agradable. Pero, por supuesto, nuestro lugar preferido es propia en los cojines en la playa.<\/li>\n<li>Si desea salir y descubre lo que Palawan tiene para ofrecer, tambi\u00e9n alquilar motos, nuestro buen ol &#8216;probada camioneta 4&#215;4, y el equipo de buceo. Que sea una caminata en nuestras selvas exuberantes, un viaje a las hermosas cascadas, o un viaje independiente, con un kayak en la bah\u00eda, se puede organizar todo. Por supuesto, tambi\u00e9n sede de nuestra isla famosa salto paseos en barco &#8211; un d\u00eda inolvidable en el campo de golf de El Nido &#8211; traer su picnic!<\/li>\n<\/ul>\n<p><span style=\"text-decoration: underline;\">Para ser breves, de una lista de nuestras comodidades y servicios:<\/span><\/p>\n<ul>\n<li>bar en la playa y el restaurante<\/li>\n<li>moto, 4&#215;4, renta de kayak<\/li>\n<li>equipo de snorkel<\/li>\n<li>de isla en isla excursiones en barco<\/li>\n<li>la selva y cascada<\/li>\n<li>treksutility ambiente<\/li>\n<li>WiFi, terminal de Internet<\/li>\n<li>oficina de transporte y de informaci\u00f3n tur\u00edstica<\/li>\n<\/ul>\n","protected":false},"excerpt":{"rendered":"<p>Bienvenido al Hostal La Banane Hola, y bienvenido en nuestro sitio web El Hostal La Banane es el destino principal de mochileros en El Nido, en el hermoso archipi\u00e9lago de Palawan. Justo en la playa, con acceso al centro de la ciudad y todas las comodidades imaginables, el Hostal La Banane es el destino perfecto [&hellip;]<\/p>\n","protected":false},"author":1,"featured_media":0,"parent":0,"menu_order":0,"comment_status":"closed","ping_status":"open","template":"","meta":{"footnotes":""},"yoast_head":"<!-- This site is optimized with the Yoast SEO plugin v22.3 - https:\/\/yoast.com\/wordpress\/plugins\/seo\/ -->\n<title>Bienvenido - La Banane Hostel<\/title>\n<meta name=\"robots\" content=\"index, follow, max-snippet:-1, max-image-preview:large, max-video-preview:-1\" \/>\n<link rel=\"canonical\" href=\"https:\/\/www.labanane-hostel.com\/es\/\" \/>\n<meta property=\"og:locale\" content=\"es_ES\" \/>\n<meta property=\"og:type\" content=\"article\" \/>\n<meta property=\"og:title\" content=\"Bienvenido - La Banane Hostel\" \/>\n<meta property=\"og:description\" content=\"Bienvenido al Hostal La Banane Hola, y bienvenido en nuestro sitio web El Hostal La Banane es el destino principal de mochileros en El Nido, en el hermoso archipi\u00e9lago de Palawan. Justo en la playa, con acceso al centro de la ciudad y todas las comodidades imaginables, el Hostal La Banane es el destino perfecto [&hellip;]\" \/>\n<meta property=\"og:url\" content=\"https:\/\/www.labanane-hostel.com\/es\/\" \/>\n<meta property=\"og:site_name\" content=\"La Banane Hostel\" \/>\n<meta property=\"article:modified_time\" content=\"2023-07-10T09:27:29+00:00\" \/>\n<meta property=\"og:image\" content=\"http:\/\/www.labanane-hostel.com\/wp-content\/uploads\/2012\/04\/logo-labanane-hostel.png\" \/>\n<meta name=\"twitter:card\" content=\"summary_large_image\" \/>\n<meta name=\"twitter:label1\" content=\"Tiempo de lectura\" \/>\n\t<meta name=\"twitter:data1\" content=\"2 minutos\" \/>\n<script type=\"application\/ld+json\" class=\"yoast-schema-graph\">{\"@context\":\"https:\/\/schema.org\",\"@graph\":[{\"@type\":\"WebPage\",\"@id\":\"https:\/\/www.labanane-hostel.com\/es\/\",\"url\":\"https:\/\/www.labanane-hostel.com\/es\/\",\"name\":\"Bienvenido - La Banane Hostel\",\"isPartOf\":{\"@id\":\"https:\/\/www.labanane-hostel.com\/#website\"},\"primaryImageOfPage\":{\"@id\":\"https:\/\/www.labanane-hostel.com\/es\/#primaryimage\"},\"image\":{\"@id\":\"https:\/\/www.labanane-hostel.com\/es\/#primaryimage\"},\"thumbnailUrl\":\"http:\/\/www.labanane-hostel.com\/wp-content\/uploads\/2012\/04\/logo-labanane-hostel.png\",\"datePublished\":\"2012-04-02T12:10:26+00:00\",\"dateModified\":\"2023-07-10T09:27:29+00:00\",\"breadcrumb\":{\"@id\":\"https:\/\/www.labanane-hostel.com\/es\/#breadcrumb\"},\"inLanguage\":\"es\",\"potentialAction\":[{\"@type\":\"ReadAction\",\"target\":[\"https:\/\/www.labanane-hostel.com\/es\/\"]}]},{\"@type\":\"ImageObject\",\"inLanguage\":\"es\",\"@id\":\"https:\/\/www.labanane-hostel.com\/es\/#primaryimage\",\"url\":\"http:\/\/www.labanane-hostel.com\/wp-content\/uploads\/2012\/04\/logo-labanane-hostel.png\",\"contentUrl\":\"http:\/\/www.labanane-hostel.com\/wp-content\/uploads\/2012\/04\/logo-labanane-hostel.png\"},{\"@type\":\"BreadcrumbList\",\"@id\":\"https:\/\/www.labanane-hostel.com\/es\/#breadcrumb\",\"itemListElement\":[{\"@type\":\"ListItem\",\"position\":1,\"name\":\"Accueil\",\"item\":\"https:\/\/www.labanane-hostel.com\/es\/\"},{\"@type\":\"ListItem\",\"position\":2,\"name\":\"Bienvenido\"}]},{\"@type\":\"WebSite\",\"@id\":\"https:\/\/www.labanane-hostel.com\/#website\",\"url\":\"https:\/\/www.labanane-hostel.com\/\",\"name\":\"La Banane Hostel\",\"description\":\"El Nido - Palawan - Philippine - Hotels\",\"potentialAction\":[{\"@type\":\"SearchAction\",\"target\":{\"@type\":\"EntryPoint\",\"urlTemplate\":\"https:\/\/www.labanane-hostel.com\/?s={search_term_string}\"},\"query-input\":\"required name=search_term_string\"}],\"inLanguage\":\"es\"}]}<\/script>\n<!-- \/ Yoast SEO plugin. -->","yoast_head_json":{"title":"Bienvenido - La Banane Hostel","robots":{"index":"index","follow":"follow","max-snippet":"max-snippet:-1","max-image-preview":"max-image-preview:large","max-video-preview":"max-video-preview:-1"},"canonical":"https:\/\/www.labanane-hostel.com\/es\/","og_locale":"es_ES","og_type":"article","og_title":"Bienvenido - La Banane Hostel","og_description":"Bienvenido al Hostal La Banane Hola, y bienvenido en nuestro sitio web El Hostal La Banane es el destino principal de mochileros en El Nido, en el hermoso archipi\u00e9lago de Palawan. Justo en la playa, con acceso al centro de la ciudad y todas las comodidades imaginables, el Hostal La Banane es el destino perfecto [&hellip;]","og_url":"https:\/\/www.labanane-hostel.com\/es\/","og_site_name":"La Banane Hostel","article_modified_time":"2023-07-10T09:27:29+00:00","og_image":[{"url":"http:\/\/www.labanane-hostel.com\/wp-content\/uploads\/2012\/04\/logo-labanane-hostel.png"}],"twitter_card":"summary_large_image","twitter_misc":{"Tiempo de lectura":"2 minutos"},"schema":{"@context":"https:\/\/schema.org","@graph":[{"@type":"WebPage","@id":"https:\/\/www.labanane-hostel.com\/es\/","url":"https:\/\/www.labanane-hostel.com\/es\/","name":"Bienvenido - La Banane Hostel","isPartOf":{"@id":"https:\/\/www.labanane-hostel.com\/#website"},"primaryImageOfPage":{"@id":"https:\/\/www.labanane-hostel.com\/es\/#primaryimage"},"image":{"@id":"https:\/\/www.labanane-hostel.com\/es\/#primaryimage"},"thumbnailUrl":"http:\/\/www.labanane-hostel.com\/wp-content\/uploads\/2012\/04\/logo-labanane-hostel.png","datePublished":"2012-04-02T12:10:26+00:00","dateModified":"2023-07-10T09:27:29+00:00","breadcrumb":{"@id":"https:\/\/www.labanane-hostel.com\/es\/#breadcrumb"},"inLanguage":"es","potentialAction":[{"@type":"ReadAction","target":["https:\/\/www.labanane-hostel.com\/es\/"]}]},{"@type":"ImageObject","inLanguage":"es","@id":"https:\/\/www.labanane-hostel.com\/es\/#primaryimage","url":"http:\/\/www.labanane-hostel.com\/wp-content\/uploads\/2012\/04\/logo-labanane-hostel.png","contentUrl":"http:\/\/www.labanane-hostel.com\/wp-content\/uploads\/2012\/04\/logo-labanane-hostel.png"},{"@type":"BreadcrumbList","@id":"https:\/\/www.labanane-hostel.com\/es\/#breadcrumb","itemListElement":[{"@type":"ListItem","position":1,"name":"Accueil","item":"https:\/\/www.labanane-hostel.com\/es\/"},{"@type":"ListItem","position":2,"name":"Bienvenido"}]},{"@type":"WebSite","@id":"https:\/\/www.labanane-hostel.com\/#website","url":"https:\/\/www.labanane-hostel.com\/","name":"La Banane Hostel","description":"El Nido - Palawan - Philippine - Hotels","potentialAction":[{"@type":"SearchAction","target":{"@type":"EntryPoint","urlTemplate":"https:\/\/www.labanane-hostel.com\/?s={search_term_string}"},"query-input":"required name=search_term_string"}],"inLanguage":"es"}]}},"_links":{"self":[{"href":"https:\/\/www.labanane-hostel.com\/es\/wp-json\/wp\/v2\/pages\/195"}],"collection":[{"href":"https:\/\/www.labanane-hostel.com\/es\/wp-json\/wp\/v2\/pages"}],"about":[{"href":"https:\/\/www.labanane-hostel.com\/es\/wp-json\/wp\/v2\/types\/page"}],"author":[{"embeddable":true,"href":"https:\/\/www.labanane-hostel.com\/es\/wp-json\/wp\/v2\/users\/1"}],"replies":[{"embeddable":true,"href":"https:\/\/www.labanane-hostel.com\/es\/wp-json\/wp\/v2\/comments?post=195"}],"version-history":[{"count":8,"href":"https:\/\/www.labanane-hostel.com\/es\/wp-json\/wp\/v2\/pages\/195\/revisions"}],"predecessor-version":[{"id":358,"href":"https:\/\/www.labanane-hostel.com\/es\/wp-json\/wp\/v2\/pages\/195\/revisions\/358"}],"wp:attachment":[{"href":"https:\/\/www.labanane-hostel.com\/es\/wp-json\/wp\/v2\/media?parent=195"}],"curies":[{"name":"wp","href":"https:\/\/api.w.org\/{rel}","templated":true}]}}