{"id":193,"date":"2012-04-02T12:10:26","date_gmt":"2012-04-02T12:10:26","guid":{"rendered":"http:\/\/www.labanane-hostel.com\/sample-page-2\/"},"modified":"2023-07-10T17:48:48","modified_gmt":"2023-07-10T09:48:48","slug":"sample-page-2-3","status":"publish","type":"page","link":"https:\/\/www.labanane-hostel.com\/de\/","title":{"rendered":"Willkommen"},"content":{"rendered":"\n\t\t\t<!-- START la Banane Hostel REVOLUTION SLIDER 6.6.16 --><p class=\"rs-p-wp-fix\"><\/p>\n\t\t\t<rs-module-wrap id=\"rev_slider_1_1_wrapper\" data-source=\"gallery\" style=\"visibility:hidden;background:transparent;padding:0;margin:0px auto;margin-top:0;margin-bottom:0;\">\n\t\t\t\t<rs-module id=\"rev_slider_1_1\" style=\"\" data-version=\"6.6.16\">\n\t\t\t\t\t<rs-slides style=\"overflow: hidden; position: absolute;\">\n\t\t\t\t\t\t<rs-slide style=\"position: absolute;\" data-key=\"rs-1\" data-title=\"Slide\" data-in=\"o:0;\" data-out=\"a:false;\">\n\t\t\t\t\t\t\t<img decoding=\"async\" src=\"\/\/www.labanane-hostel.com\/wp-content\/plugins\/revslider\/public\/assets\/assets\/dummy.png\" alt=\"\" title=\"P2260027\" width=\"910\" height=\"682\" class=\"rev-slidebg tp-rs-img rs-lazyload\" data-lazyload=\"\/\/www.labanane-hostel.com\/wp-content\/uploads\/2012\/04\/P2260027.jpg\" data-no-retina>\n<!---->\t\t\t\t\t\t<\/rs-slide>\n\t\t\t\t\t\t<rs-slide style=\"position: absolute;\" data-key=\"rs-2\" data-title=\"Slide\" data-in=\"o:0;\" data-out=\"a:false;\">\n\t\t\t\t\t\t\t<img decoding=\"async\" src=\"\/\/www.labanane-hostel.com\/wp-content\/plugins\/revslider\/public\/assets\/assets\/dummy.png\" alt=\"\" title=\"Willkommen\" class=\"rev-slidebg tp-rs-img rs-lazyload\" data-lazyload=\"\/\/www.labanane-hostel.com\/wp-content\/uploads\/2016\/09\/^EAFF35BC425E82DEE504C3247EB96F28D8529F9944794B2812^pimgpsh_fullsize_distr.jpg\" data-no-retina>\n<!---->\t\t\t\t\t\t<\/rs-slide>\n\t\t\t\t\t\t<rs-slide style=\"position: absolute;\" data-key=\"rs-3\" data-title=\"Slide\" data-in=\"o:0;\" data-out=\"a:false;\">\n\t\t\t\t\t\t\t<img decoding=\"async\" src=\"\/\/www.labanane-hostel.com\/wp-content\/plugins\/revslider\/public\/assets\/assets\/dummy.png\" alt=\"\" title=\"Willkommen\" class=\"rev-slidebg tp-rs-img rs-lazyload\" data-lazyload=\"\/\/www.labanane-hostel.com\/wp-content\/uploads\/2016\/09\/^AFFA454DB8F46DAD0634860D012A268F1808725BFBA9B9D761^pimgpsh_fullsize_distr.jpg\" data-no-retina>\n<!---->\t\t\t\t\t\t<\/rs-slide>\n\t\t\t\t\t\t<rs-slide style=\"position: absolute;\" data-key=\"rs-4\" data-title=\"Slide\" data-in=\"o:0;\" data-out=\"a:false;\">\n\t\t\t\t\t\t\t<img decoding=\"async\" src=\"\/\/www.labanane-hostel.com\/wp-content\/plugins\/revslider\/public\/assets\/assets\/dummy.png\" alt=\"\" title=\"Willkommen\" class=\"rev-slidebg tp-rs-img rs-lazyload\" data-lazyload=\"\/\/www.labanane-hostel.com\/wp-content\/uploads\/2016\/09\/^A9DF68C67DB632CA8FA5E9BE6FA3BB16CF7D22E4C24AA0E0A9^pimgpsh_fullsize_distr.jpg\" data-no-retina>\n<!---->\t\t\t\t\t\t<\/rs-slide>\n\t\t\t\t\t\t<rs-slide style=\"position: absolute;\" data-key=\"rs-5\" data-title=\"Slide\" data-in=\"o:0;\" data-out=\"a:false;\">\n\t\t\t\t\t\t\t<img decoding=\"async\" src=\"\/\/www.labanane-hostel.com\/wp-content\/plugins\/revslider\/public\/assets\/assets\/dummy.png\" alt=\"\" title=\"Willkommen\" class=\"rev-slidebg tp-rs-img rs-lazyload\" data-lazyload=\"\/\/www.labanane-hostel.com\/wp-content\/uploads\/2016\/09\/^946ACAB8A7FF7737E061313955BB66B565D9B5BDC0932E1BA4^pimgpsh_fullsize_distr.jpg\" data-no-retina>\n<!---->\t\t\t\t\t\t<\/rs-slide>\n\t\t\t\t\t\t<rs-slide style=\"position: absolute;\" data-key=\"rs-6\" data-title=\"Slide\" data-in=\"o:0;\" data-out=\"a:false;\">\n\t\t\t\t\t\t\t<img decoding=\"async\" src=\"\/\/www.labanane-hostel.com\/wp-content\/plugins\/revslider\/public\/assets\/assets\/dummy.png\" alt=\"\" title=\"Willkommen\" class=\"rev-slidebg tp-rs-img rs-lazyload\" data-lazyload=\"\/\/www.labanane-hostel.com\/wp-content\/uploads\/2016\/09\/^652CD255B6E51A570675AB827E35FF7E2DA836D91CB8918E4C^pimgpsh_fullsize_distr.jpg\" data-no-retina>\n<!---->\t\t\t\t\t\t<\/rs-slide>\n\t\t\t\t\t\t<rs-slide style=\"position: absolute;\" data-key=\"rs-7\" data-title=\"Slide\" data-in=\"o:0;\" data-out=\"a:false;\">\n\t\t\t\t\t\t\t<img decoding=\"async\" src=\"\/\/www.labanane-hostel.com\/wp-content\/plugins\/revslider\/public\/assets\/assets\/dummy.png\" alt=\"\" title=\"Willkommen\" class=\"rev-slidebg tp-rs-img rs-lazyload\" data-lazyload=\"\/\/www.labanane-hostel.com\/wp-content\/uploads\/2016\/09\/^271A24AB7FBA0B2F77E0D7D7700CF88C0A0BCCD1D1BD2E3331^pimgpsh_fullsize_distr.jpg\" data-no-retina>\n<!---->\t\t\t\t\t\t<\/rs-slide>\n\t\t\t\t\t\t<rs-slide style=\"position: absolute;\" data-key=\"rs-8\" data-title=\"Slide\" data-in=\"o:0;\" data-out=\"a:false;\">\n\t\t\t\t\t\t\t<img decoding=\"async\" src=\"\/\/www.labanane-hostel.com\/wp-content\/plugins\/revslider\/public\/assets\/assets\/dummy.png\" alt=\"\" title=\"Willkommen\" class=\"rev-slidebg tp-rs-img rs-lazyload\" data-lazyload=\"\/\/www.labanane-hostel.com\/wp-content\/uploads\/2016\/09\/^58DB4FE139C27FC5E30A61B4DA39A595D69140EC11BA2E0C64^pimgpsh_fullsize_distr.jpg\" data-no-retina>\n<!---->\t\t\t\t\t\t<\/rs-slide>\n\t\t\t\t\t\t<rs-slide style=\"position: absolute;\" data-key=\"rs-9\" data-title=\"Slide\" data-in=\"o:0;\" data-out=\"a:false;\">\n\t\t\t\t\t\t\t<img decoding=\"async\" src=\"\/\/www.labanane-hostel.com\/wp-content\/plugins\/revslider\/public\/assets\/assets\/dummy.png\" alt=\"\" title=\"Willkommen\" class=\"rev-slidebg tp-rs-img rs-lazyload\" data-lazyload=\"\/\/www.labanane-hostel.com\/wp-content\/uploads\/2016\/09\/^8A1775668B83F1B0D82C2655090F43B11D3E6DFB3A0BCEB6F8^pimgpsh_fullsize_distr.jpg\" data-no-retina>\n<!---->\t\t\t\t\t\t<\/rs-slide>\n\t\t\t\t\t\t<rs-slide style=\"position: absolute;\" data-key=\"rs-10\" data-title=\"Slide\" data-in=\"o:0;\" data-out=\"a:false;\">\n\t\t\t\t\t\t\t<img decoding=\"async\" src=\"\/\/www.labanane-hostel.com\/wp-content\/plugins\/revslider\/public\/assets\/assets\/dummy.png\" alt=\"\" title=\"Willkommen\" class=\"rev-slidebg tp-rs-img rs-lazyload\" data-lazyload=\"\/\/www.labanane-hostel.com\/wp-content\/uploads\/2016\/09\/^02B4B231A6AAAEEF4529FA0960EF14C66E6A213C4C2B4CF96D^pimgpsh_fullsize_distr.jpg\" data-no-retina>\n<!---->\t\t\t\t\t\t<\/rs-slide>\n\t\t\t\t\t\t<rs-slide style=\"position: absolute;\" data-key=\"rs-11\" data-title=\"Slide\" data-in=\"o:0;\" data-out=\"a:false;\">\n\t\t\t\t\t\t\t<img decoding=\"async\" src=\"\/\/www.labanane-hostel.com\/wp-content\/plugins\/revslider\/public\/assets\/assets\/dummy.png\" alt=\"\" title=\"Willkommen\" class=\"rev-slidebg tp-rs-img rs-lazyload\" data-lazyload=\"\/\/www.labanane-hostel.com\/wp-content\/uploads\/2016\/09\/^1A1C2826D3C78E3754C03A2EB05BB524A1D94660CAA0F94BBC^pimgpsh_fullsize_distr.jpg\" data-no-retina>\n<!---->\t\t\t\t\t\t<\/rs-slide>\n\t\t\t\t\t\t<rs-slide style=\"position: absolute;\" data-key=\"rs-12\" data-title=\"Slide\" data-in=\"o:0;\" data-out=\"a:false;\">\n\t\t\t\t\t\t\t<img decoding=\"async\" src=\"\/\/www.labanane-hostel.com\/wp-content\/plugins\/revslider\/public\/assets\/assets\/dummy.png\" alt=\"\" title=\"Willkommen\" class=\"rev-slidebg tp-rs-img rs-lazyload\" data-lazyload=\"\/\/www.labanane-hostel.com\/wp-content\/uploads\/2012\/04\/home-labanane-hostel-beach.jpg\" data-no-retina>\n<!---->\t\t\t\t\t\t<\/rs-slide>\n\t\t\t\t\t\t<rs-slide style=\"position: absolute;\" data-key=\"rs-13\" data-title=\"Slide\" data-in=\"o:0;\" data-out=\"a:false;\">\n\t\t\t\t\t\t\t<img decoding=\"async\" src=\"\/\/www.labanane-hostel.com\/wp-content\/plugins\/revslider\/public\/assets\/assets\/dummy.png\" alt=\"\" title=\"Willkommen\" class=\"rev-slidebg tp-rs-img rs-lazyload\" data-lazyload=\"\/\/www.labanane-hostel.com\/wp-content\/uploads\/2012\/04\/home-labanane-hostel-sunset1.jpg\" data-no-retina>\n<!---->\t\t\t\t\t\t<\/rs-slide>\n\t\t\t\t\t\t<rs-slide style=\"position: absolute;\" data-key=\"rs-14\" data-title=\"Slide\" data-in=\"o:0;\" data-out=\"a:false;\">\n\t\t\t\t\t\t\t<img decoding=\"async\" src=\"\/\/www.labanane-hostel.com\/wp-content\/plugins\/revslider\/public\/assets\/assets\/dummy.png\" alt=\"\" title=\"Willkommen\" class=\"rev-slidebg tp-rs-img rs-lazyload\" data-lazyload=\"\/\/www.labanane-hostel.com\/wp-content\/uploads\/2012\/04\/home-labanane-hostel-night1.jpg\" data-no-retina>\n<!---->\t\t\t\t\t\t<\/rs-slide>\n\t\t\t\t\t\t<rs-slide style=\"position: absolute;\" data-key=\"rs-15\" data-title=\"Slide\" data-in=\"o:0;\" data-out=\"a:false;\">\n\t\t\t\t\t\t\t<img decoding=\"async\" src=\"\/\/www.labanane-hostel.com\/wp-content\/plugins\/revslider\/public\/assets\/assets\/dummy.png\" alt=\"\" title=\"Willkommen\" class=\"rev-slidebg tp-rs-img rs-lazyload\" data-lazyload=\"\/\/www.labanane-hostel.com\/wp-content\/uploads\/2012\/04\/home-labanane-hostel-intrance.jpg\" data-no-retina>\n<!---->\t\t\t\t\t\t<\/rs-slide>\n\t\t\t\t\t<\/rs-slides>\n\t\t\t\t<\/rs-module>\n\t\t\t\t<script>\n\t\t\t\t\tsetREVStartSize({c: 'rev_slider_1_1',rl:[1240,1024,778,480],el:[900],gw:[1240],gh:[900],type:'standard',justify:'',layout:'fullwidth',mh:\"0\"});if (window.RS_MODULES!==undefined && window.RS_MODULES.modules!==undefined && window.RS_MODULES.modules[\"revslider11\"]!==undefined) {window.RS_MODULES.modules[\"revslider11\"].once = false;window.revapi1 = undefined;if (window.RS_MODULES.checkMinimal!==undefined) window.RS_MODULES.checkMinimal()}\n\t\t\t\t<\/script>\n\t\t\t<\/rs-module-wrap>\n\t\t\t<!-- END REVOLUTION SLIDER -->\n\n<h1><strong>Willkommen\u00a0in La Banane Hostel<\/strong><\/h1>\n<h1><strong><img loading=\"lazy\" decoding=\"async\" title=\"logo-labanane-hostel\" src=\"http:\/\/www.labanane-hostel.com\/wp-content\/uploads\/2012\/04\/logo-labanane-hostel.png\" alt=\"\" width=\"272\" height=\"322\" \/><\/strong><\/h1>\n<h3>Hallo, und herzlich willkommen auf unserer Website<\/h3>\n<p>La<strong> Banane Hostel<\/strong> ist die erste Backpacker-Ziel in <strong>El Nido<\/strong>, auf der sch\u00f6nen Inselgruppe <strong>Palawan<\/strong>. Direkt am Strand, mit Zugang zum Stadtzentrum und allen erdenklichen Annehmlichkeiten, ist La Banane Hostel der perfekte Ort f\u00fcr Leute, die Philippinen anders entdecken wollen. Unser hilfsbereites Personal, bestehend aus Einheimischen und L\u00e4nderspielen gleicherma\u00dfen, k\u00f6nnen Sie w\u00e4hrend Ihrer Reise begleiten und unsere Reise Schreibtisch hat alle Informationen \u00fcber die verschiedenen Aktivit\u00e4ten finden Sie in der N\u00e4he kann. Wir werden Ihnen auch helfen, in die und aus der <strong>El Nido<\/strong> zu bekommen, lassen Sie es uns wissen, was Sie ben\u00f6tigen.<\/p>\n<ul>\n<li>F\u00fcr die faulen Tage, haben wir auch kostenlosen WLAN-Zugang, einen Internet-Anschluss und einen TV in einem sch\u00f6nen gemeinsamen Raum. Aber nat\u00fcrlich ist unsere eigene bevorzugter Platz auf den Kissen direkt am Strand.<\/li>\n<li>Wenn Sie raus und lesen Sie die Palawan zu bieten, vermieten wir auch Roller, unsere gute alte bew\u00e4hrte 4&#215;4 LKW und Tauchausr\u00fcstung hat wollen. Sei es eine Wanderung in unserer \u00fcppigen Dschungel, eine Reise zu den wundersch\u00f6nen Wasserf\u00e4llen, oder einem unabh\u00e4ngigen Fahrt mit dem Kajak in der Bucht, k\u00f6nnen wir alles organisieren. Nat\u00fcrlich haben wir auch Gastgeber unserer ber\u00fchmten Insel-Hopping Bootsfahrten &#8211; einen unvergesslichen Tag auf dem Golfplatz von El Nido &#8211; bringen Sie Ihr Picknick!<\/li>\n<\/ul>\n<p>Um es kurz zu machen, eine Liste unserer Einrichtungen und Dienstleistungen:<\/p>\n<ul>\n<li>Strand Bar und Restaurant<\/li>\n<li>Roller, 4&#215;4, Kajakverleih<\/li>\n<li>Schnorchelausr\u00fcstung<\/li>\n<li>Insel-Hopping Bootsfahrten<\/li>\n<li>Dschungel und Wasserfall<\/li>\n<li>treksutility Zimmer<\/li>\n<li>WIFI, Internet-Terminal<\/li>\n<li>Transport B\u00fcro-und Tourist-Information<\/li>\n<\/ul>\n","protected":false},"excerpt":{"rendered":"<p>Willkommen\u00a0in La Banane Hostel Hallo, und herzlich willkommen auf unserer Website La Banane Hostel ist die erste Backpacker-Ziel in El Nido, auf der sch\u00f6nen Inselgruppe Palawan. Direkt am Strand, mit Zugang zum Stadtzentrum und allen erdenklichen Annehmlichkeiten, ist La Banane Hostel der perfekte Ort f\u00fcr Leute, die Philippinen anders entdecken wollen. Unser hilfsbereites Personal, bestehend [&hellip;]<\/p>\n","protected":false},"author":1,"featured_media":0,"parent":0,"menu_order":0,"comment_status":"closed","ping_status":"open","template":"","meta":{"footnotes":""},"yoast_head":"<!-- This site is optimized with the Yoast SEO plugin v22.3 - https:\/\/yoast.com\/wordpress\/plugins\/seo\/ -->\n<title>Willkommen - La Banane Hostel<\/title>\n<meta name=\"robots\" content=\"index, follow, max-snippet:-1, max-image-preview:large, max-video-preview:-1\" \/>\n<link rel=\"canonical\" href=\"https:\/\/www.labanane-hostel.com\/de\/\" \/>\n<meta property=\"og:locale\" content=\"de_DE\" \/>\n<meta property=\"og:type\" content=\"article\" \/>\n<meta property=\"og:title\" content=\"Willkommen - La Banane Hostel\" \/>\n<meta property=\"og:description\" content=\"Willkommen\u00a0in La Banane Hostel Hallo, und herzlich willkommen auf unserer Website La Banane Hostel ist die erste Backpacker-Ziel in El Nido, auf der sch\u00f6nen Inselgruppe Palawan. Direkt am Strand, mit Zugang zum Stadtzentrum und allen erdenklichen Annehmlichkeiten, ist La Banane Hostel der perfekte Ort f\u00fcr Leute, die Philippinen anders entdecken wollen. Unser hilfsbereites Personal, bestehend [&hellip;]\" \/>\n<meta property=\"og:url\" content=\"https:\/\/www.labanane-hostel.com\/de\/\" \/>\n<meta property=\"og:site_name\" content=\"La Banane Hostel\" \/>\n<meta property=\"article:modified_time\" content=\"2023-07-10T09:48:48+00:00\" \/>\n<meta property=\"og:image\" content=\"http:\/\/www.labanane-hostel.com\/wp-content\/uploads\/2012\/04\/logo-labanane-hostel.png\" \/>\n<meta name=\"twitter:card\" content=\"summary_large_image\" \/>\n<meta name=\"twitter:label1\" content=\"Gesch\u00e4tzte Lesezeit\" \/>\n\t<meta name=\"twitter:data1\" content=\"2\u00a0Minuten\" \/>\n<script type=\"application\/ld+json\" class=\"yoast-schema-graph\">{\"@context\":\"https:\/\/schema.org\",\"@graph\":[{\"@type\":\"WebPage\",\"@id\":\"https:\/\/www.labanane-hostel.com\/de\/\",\"url\":\"https:\/\/www.labanane-hostel.com\/de\/\",\"name\":\"Willkommen - La Banane Hostel\",\"isPartOf\":{\"@id\":\"https:\/\/www.labanane-hostel.com\/#website\"},\"primaryImageOfPage\":{\"@id\":\"https:\/\/www.labanane-hostel.com\/de\/#primaryimage\"},\"image\":{\"@id\":\"https:\/\/www.labanane-hostel.com\/de\/#primaryimage\"},\"thumbnailUrl\":\"http:\/\/www.labanane-hostel.com\/wp-content\/uploads\/2012\/04\/logo-labanane-hostel.png\",\"datePublished\":\"2012-04-02T12:10:26+00:00\",\"dateModified\":\"2023-07-10T09:48:48+00:00\",\"breadcrumb\":{\"@id\":\"https:\/\/www.labanane-hostel.com\/de\/#breadcrumb\"},\"inLanguage\":\"de\",\"potentialAction\":[{\"@type\":\"ReadAction\",\"target\":[\"https:\/\/www.labanane-hostel.com\/de\/\"]}]},{\"@type\":\"ImageObject\",\"inLanguage\":\"de\",\"@id\":\"https:\/\/www.labanane-hostel.com\/de\/#primaryimage\",\"url\":\"http:\/\/www.labanane-hostel.com\/wp-content\/uploads\/2012\/04\/logo-labanane-hostel.png\",\"contentUrl\":\"http:\/\/www.labanane-hostel.com\/wp-content\/uploads\/2012\/04\/logo-labanane-hostel.png\"},{\"@type\":\"BreadcrumbList\",\"@id\":\"https:\/\/www.labanane-hostel.com\/de\/#breadcrumb\",\"itemListElement\":[{\"@type\":\"ListItem\",\"position\":1,\"name\":\"Accueil\",\"item\":\"https:\/\/www.labanane-hostel.com\/de\/\"},{\"@type\":\"ListItem\",\"position\":2,\"name\":\"Willkommen\"}]},{\"@type\":\"WebSite\",\"@id\":\"https:\/\/www.labanane-hostel.com\/#website\",\"url\":\"https:\/\/www.labanane-hostel.com\/\",\"name\":\"La Banane Hostel\",\"description\":\"El Nido - Palawan - Philippine - Hotels\",\"potentialAction\":[{\"@type\":\"SearchAction\",\"target\":{\"@type\":\"EntryPoint\",\"urlTemplate\":\"https:\/\/www.labanane-hostel.com\/?s={search_term_string}\"},\"query-input\":\"required name=search_term_string\"}],\"inLanguage\":\"de\"}]}<\/script>\n<!-- \/ Yoast SEO plugin. -->","yoast_head_json":{"title":"Willkommen - La Banane Hostel","robots":{"index":"index","follow":"follow","max-snippet":"max-snippet:-1","max-image-preview":"max-image-preview:large","max-video-preview":"max-video-preview:-1"},"canonical":"https:\/\/www.labanane-hostel.com\/de\/","og_locale":"de_DE","og_type":"article","og_title":"Willkommen - La Banane Hostel","og_description":"Willkommen\u00a0in La Banane Hostel Hallo, und herzlich willkommen auf unserer Website La Banane Hostel ist die erste Backpacker-Ziel in El Nido, auf der sch\u00f6nen Inselgruppe Palawan. Direkt am Strand, mit Zugang zum Stadtzentrum und allen erdenklichen Annehmlichkeiten, ist La Banane Hostel der perfekte Ort f\u00fcr Leute, die Philippinen anders entdecken wollen. Unser hilfsbereites Personal, bestehend [&hellip;]","og_url":"https:\/\/www.labanane-hostel.com\/de\/","og_site_name":"La Banane Hostel","article_modified_time":"2023-07-10T09:48:48+00:00","og_image":[{"url":"http:\/\/www.labanane-hostel.com\/wp-content\/uploads\/2012\/04\/logo-labanane-hostel.png"}],"twitter_card":"summary_large_image","twitter_misc":{"Gesch\u00e4tzte Lesezeit":"2\u00a0Minuten"},"schema":{"@context":"https:\/\/schema.org","@graph":[{"@type":"WebPage","@id":"https:\/\/www.labanane-hostel.com\/de\/","url":"https:\/\/www.labanane-hostel.com\/de\/","name":"Willkommen - La Banane Hostel","isPartOf":{"@id":"https:\/\/www.labanane-hostel.com\/#website"},"primaryImageOfPage":{"@id":"https:\/\/www.labanane-hostel.com\/de\/#primaryimage"},"image":{"@id":"https:\/\/www.labanane-hostel.com\/de\/#primaryimage"},"thumbnailUrl":"http:\/\/www.labanane-hostel.com\/wp-content\/uploads\/2012\/04\/logo-labanane-hostel.png","datePublished":"2012-04-02T12:10:26+00:00","dateModified":"2023-07-10T09:48:48+00:00","breadcrumb":{"@id":"https:\/\/www.labanane-hostel.com\/de\/#breadcrumb"},"inLanguage":"de","potentialAction":[{"@type":"ReadAction","target":["https:\/\/www.labanane-hostel.com\/de\/"]}]},{"@type":"ImageObject","inLanguage":"de","@id":"https:\/\/www.labanane-hostel.com\/de\/#primaryimage","url":"http:\/\/www.labanane-hostel.com\/wp-content\/uploads\/2012\/04\/logo-labanane-hostel.png","contentUrl":"http:\/\/www.labanane-hostel.com\/wp-content\/uploads\/2012\/04\/logo-labanane-hostel.png"},{"@type":"BreadcrumbList","@id":"https:\/\/www.labanane-hostel.com\/de\/#breadcrumb","itemListElement":[{"@type":"ListItem","position":1,"name":"Accueil","item":"https:\/\/www.labanane-hostel.com\/de\/"},{"@type":"ListItem","position":2,"name":"Willkommen"}]},{"@type":"WebSite","@id":"https:\/\/www.labanane-hostel.com\/#website","url":"https:\/\/www.labanane-hostel.com\/","name":"La Banane Hostel","description":"El Nido - Palawan - Philippine - Hotels","potentialAction":[{"@type":"SearchAction","target":{"@type":"EntryPoint","urlTemplate":"https:\/\/www.labanane-hostel.com\/?s={search_term_string}"},"query-input":"required name=search_term_string"}],"inLanguage":"de"}]}},"_links":{"self":[{"href":"https:\/\/www.labanane-hostel.com\/de\/wp-json\/wp\/v2\/pages\/193"}],"collection":[{"href":"https:\/\/www.labanane-hostel.com\/de\/wp-json\/wp\/v2\/pages"}],"about":[{"href":"https:\/\/www.labanane-hostel.com\/de\/wp-json\/wp\/v2\/types\/page"}],"author":[{"embeddable":true,"href":"https:\/\/www.labanane-hostel.com\/de\/wp-json\/wp\/v2\/users\/1"}],"replies":[{"embeddable":true,"href":"https:\/\/www.labanane-hostel.com\/de\/wp-json\/wp\/v2\/comments?post=193"}],"version-history":[{"count":12,"href":"https:\/\/www.labanane-hostel.com\/de\/wp-json\/wp\/v2\/pages\/193\/revisions"}],"predecessor-version":[{"id":822,"href":"https:\/\/www.labanane-hostel.com\/de\/wp-json\/wp\/v2\/pages\/193\/revisions\/822"}],"wp:attachment":[{"href":"https:\/\/www.labanane-hostel.com\/de\/wp-json\/wp\/v2\/media?parent=193"}],"curies":[{"name":"wp","href":"https:\/\/api.w.org\/{rel}","templated":true}]}}